{"id":1683,"date":"2021-11-27T17:03:24","date_gmt":"2021-11-27T17:03:24","guid":{"rendered":"https:\/\/alpha.funkel-fenster.de\/?page_id=1683"},"modified":"2024-12-10T14:32:00","modified_gmt":"2024-12-10T14:32:00","slug":"kontakt","status":"publish","type":"page","link":"https:\/\/funkel-fenster.de\/?page_id=1683","title":{"rendered":"Kontakt"},"content":{"rendered":"<p>[et_pb_section fb_built=&#8220;1&#8243; _builder_version=&#8220;4.14.3&#8243; _module_preset=&#8220;default&#8220; height=&#8220;40px&#8220; custom_padding=&#8220;||0px|||&#8220; global_colors_info=&#8220;{}&#8220;][\/et_pb_section][et_pb_section fb_built=&#8220;1&#8243; admin_label=&#8220;Sektion Sticky&#8220; _builder_version=&#8220;4.13.0&#8243; _module_preset=&#8220;default&#8220; custom_margin=&#8220;0px||0px||false|false&#8220; custom_padding=&#8220;0px||0px|||&#8220; background_color_phone=&#8220;gcid-e76bb572-0038-4d0c-be63-d31e9192b8dd&#8220; background_last_edited=&#8220;on|phone&#8220; background_enable_color_phone=&#8220;on&#8220; locked=&#8220;off&#8220; global_colors_info=&#8220;{%22gcid-e76bb572-0038-4d0c-be63-d31e9192b8dd%22:%91%22background_color%22%93}&#8220;][et_pb_row column_structure=&#8220;1_2,1_4,1_4&#8243; use_custom_gutter=&#8220;on&#8220; gutter_width=&#8220;1&#8243; _builder_version=&#8220;4.13.0&#8243; _module_preset=&#8220;default&#8220; width=&#8220;95%&#8220; max_width=&#8220;1500px&#8220; custom_margin=&#8220;0px||0px||false|false&#8220; custom_padding=&#8220;0px||0px|||&#8220; sticky_limit_bottom=&#8220;section&#8220; motion_trigger_start=&#8220;top&#8220; background_color_phone=&#8220;gcid-e76bb572-0038-4d0c-be63-d31e9192b8dd&#8220; background_last_edited=&#8220;on|phone&#8220; background_enable_color_phone=&#8220;on&#8220; module_alignment_tablet=&#8220;center&#8220; module_alignment_phone=&#8220;center&#8220; module_alignment_last_edited=&#8220;on|tablet&#8220; global_colors_info=&#8220;{%22gcid-e76bb572-0038-4d0c-be63-d31e9192b8dd%22:%91%22background_color%22%93}&#8220;][et_pb_column type=&#8220;1_2&#8243; _builder_version=&#8220;4.13.0&#8243; _module_preset=&#8220;default&#8220; background_color=&#8220;gcid-e76bb572-0038-4d0c-be63-d31e9192b8dd&#8220; z_index=&#8220;0&#8243; custom_padding=&#8220;|||0px|false|false&#8220; sticky_position=&#8220;top&#8220; sticky_limit_bottom=&#8220;section&#8220; motion_trigger_start=&#8220;top&#8220; sticky_position_tablet=&#8220;none&#8220; sticky_position_phone=&#8220;none&#8220; sticky_position_last_edited=&#8220;on|desktop&#8220; global_colors_info=&#8220;{%22gcid-e76bb572-0038-4d0c-be63-d31e9192b8dd%22:%91%22background_color%22%93}&#8220;][et_pb_text admin_label=&#8220;Standorte&#8220; _builder_version=&#8220;4.13.0&#8243; _module_preset=&#8220;cb0047b7-ef47-4b65-bfa9-820cb150413a&#8220; motion_trigger_start=&#8220;top&#8220; background_color_phone=&#8220;gcid-e76bb572-0038-4d0c-be63-d31e9192b8dd&#8220; background_enable_color_phone=&#8220;on&#8220; global_colors_info=&#8220;{%22gcid-e76bb572-0038-4d0c-be63-d31e9192b8dd%22:%91%22background_color%22%93}&#8220;]<\/p>\n<h1 style=\"text-align: left;\">Kontakt<\/h1>\n<h2 style=\"text-align: left;\"><\/h2>\n<p>[\/et_pb_text][et_pb_text _builder_version=&#8220;4.14.3&#8243; _module_preset=&#8220;default&#8220; hover_enabled=&#8220;0&#8243; global_colors_info=&#8220;{}&#8220; content_last_edited=&#8220;on|phone&#8220; sticky_enabled=&#8220;0&#8243; content_phone=&#8220;<\/p>\n<h6 style=%22text-align: left;%22>Sie haben Fragen oder W\u00fcnsche? Sie interessieren sich f\u00fcr das Kunstprojekt? Kontaktieren Sie uns per Mail oder rufen Sie uns. Wir freuen uns, von Ihnen zu h\u00f6ren.<\/h6>\n<p>&#8220; content_tablet=&#8220;<\/p>\n<h4 style=%22text-align: left;%22>Sie haben Fragen oder W\u00fcnsche? Sie interessieren sich f\u00fcr das Kunstprojekt? Kontaktieren Sie uns per Mail oder rufen Sie uns. Wir freuen uns, von Ihnen zu h\u00f6ren.<\/h4>\n<p>&#8222;]<\/p>\n<h4 style=\"text-align: left;\">Sie haben Fragen oder W\u00fcnsche? Sie interessieren sich f\u00fcr das Kunstprojekt? Kontaktieren Sie uns per Mail oder rufen Sie uns. Wir freuen uns, von Ihnen zu h\u00f6ren.<\/h4>\n<p>[\/et_pb_text][\/et_pb_column][et_pb_column type=&#8220;1_4&#8243; _builder_version=&#8220;4.13.0&#8243; _module_preset=&#8220;default&#8220; background_enable_color=&#8220;off&#8220; z_index=&#8220;500&#8243; global_colors_info=&#8220;{}&#8220;][\/et_pb_column][et_pb_column type=&#8220;1_4&#8243; _builder_version=&#8220;4.13.0&#8243; _module_preset=&#8220;default&#8220; background_enable_color=&#8220;off&#8220; z_index=&#8220;500&#8243; global_colors_info=&#8220;{}&#8220;][et_pb_blurb title=&#8220;Funkel-Fenster&#8220; url=&#8220;https:\/\/www.facebook.com\/Funkel-Fenster-104676084863965\/&#8220; url_new_window=&#8220;on&#8220; use_icon=&#8220;on&#8220; font_icon=&#8220;&#xf082;||fa||400&#8243; icon_color=&#8220;#0B3B49&#8243; image_icon_width=&#8220;95px&#8220; content_max_width=&#8220;119px&#8220; _builder_version=&#8220;4.14.3&#8243; _module_preset=&#8220;default&#8220; header_text_align=&#8220;center&#8220; header_text_color=&#8220;#0B3B49&#8243; header_font_size=&#8220;16px&#8220; background_color=&#8220;RGBA(255,255,255,0)&#8220; image_icon_custom_margin=&#8220;0px||||false|false&#8220; image_icon_custom_padding=&#8220;0px||||false|false&#8220; module_alignment=&#8220;center&#8220; custom_padding=&#8220;65px||65px||true|false&#8220; animation_style=&#8220;slide&#8220; animation_direction=&#8220;right&#8220; animation_duration=&#8220;2000ms&#8220; animation_delay=&#8220;200ms&#8220; animation_intensity_slide=&#8220;100%&#8220; link_option_url=&#8220;https:\/\/www.facebook.com\/Funkel-Fenster-104676084863965\/&#8220; link_option_url_new_window=&#8220;on&#8220; border_width_all_image=&#8220;0px&#8220; border_style_all_image=&#8220;solid&#8220; global_colors_info=&#8220;{%22gcid-b7503365-465d-4da3-bcb8-77fad5d3de9f%22:%91%22background_color__hover%22%93}&#8220; icon_color__hover_enabled=&#8220;on|desktop&#8220; icon_color__hover=&#8220;#15616D&#8220; header_text_color__hover_enabled=&#8220;on|hover&#8220; header_text_color__hover=&#8220;#15616D&#8220; child_filter_invert__hover_enabled=&#8220;off|desktop&#8220; child_filter_invert__hover=&#8220;0%&#8220;][\/et_pb_blurb][\/et_pb_column][\/et_pb_row][\/et_pb_section][et_pb_section fb_built=&#8220;1&#8243; admin_label=&#8220;Sektion Sticky L\u00f6sunr&#8220; _builder_version=&#8220;4.13.0&#8243; _module_preset=&#8220;default&#8220; background_enable_color=&#8220;off&#8220; custom_margin=&#8220;20px||0px||false|false&#8220; custom_padding=&#8220;0px||0px|||&#8220; locked=&#8220;off&#8220; global_colors_info=&#8220;{%22gcid-b7503365-465d-4da3-bcb8-77fad5d3de9f%22:%91%22background_color%22%93}&#8220;][et_pb_row column_structure=&#8220;1_2,1_2&#8243; use_custom_gutter=&#8220;on&#8220; gutter_width=&#8220;1&#8243; make_equal=&#8220;on&#8220; _builder_version=&#8220;4.14.3&#8243; _module_preset=&#8220;default&#8220; background_color=&#8220;gcid-b7503365-465d-4da3-bcb8-77fad5d3de9f&#8220; use_background_color_gradient=&#8220;on&#8220; background_color_gradient_start=&#8220;gcid-b7503365-465d-4da3-bcb8-77fad5d3de9f&#8220; background_color_gradient_end=&#8220;#0b3b49&#8243; background_color_gradient_overlays_image=&#8220;on&#8220; background_enable_image=&#8220;off&#8220; width=&#8220;100%&#8220; max_width=&#8220;1500px&#8220; module_alignment=&#8220;center&#8220; custom_margin_tablet=&#8220;&#8220; custom_margin_phone=&#8220;&#8220; custom_margin_last_edited=&#8220;on|phone&#8220; custom_padding=&#8220;75px|30px|75px|30px|true|true&#8220; global_colors_info=&#8220;{%22gcid-b7503365-465d-4da3-bcb8-77fad5d3de9f%22:%91%22background_color%22,%22colorStart%22%93}&#8220;][et_pb_column type=&#8220;1_2&#8243; _builder_version=&#8220;4.14.3&#8243; _module_preset=&#8220;default&#8220; global_colors_info=&#8220;{}&#8220;][et_pb_text _builder_version=&#8220;4.14.3&#8243; _module_preset=&#8220;bedb7560-7075-49e3-be58-d11e0548ffd7&#8243; text_font_size=&#8220;20px&#8220; header_font_size=&#8220;38px&#8220; header_2_font_size=&#8220;30px&#8220; background_color=&#8220;#ffffff&#8220; width=&#8220;95%&#8220; custom_margin=&#8220;0px|0px|0px|0px|false|true&#8220; custom_padding=&#8220;65px|0px|65px|0px|true|true&#8220; custom_padding_tablet=&#8220;65px|0px|65px|0px|true|true&#8220; custom_padding_phone=&#8220;100px|0px|100px|0px|true|true&#8220; custom_padding_last_edited=&#8220;on|phone&#8220; animation_style=&#8220;fold&#8220; text_font_size_tablet=&#8220;20px&#8220; text_font_size_phone=&#8220;4vw&#8220; text_font_size_last_edited=&#8220;on|phone&#8220; global_colors_info=&#8220;{%22gcid-b7503365-465d-4da3-bcb8-77fad5d3de9f%22:%91%22header_text_color%22,%22header_text_color%22,%22header_text_color%22%93}&#8220;]<\/p>\n<p style=\"text-align: center;\">k\u00fcnstlerische Leitung<\/p>\n<p>&nbsp;<\/p>\n<h2 style=\"text-align: center;\">HELMNOT THEATER<\/h2>\n<div data-t-w-inherits=\"default\" data-border-radius=\"none\" data-shadow=\"none\" data-border-animation=\"\" data-border-animation-delay=\"\" data-border-width=\"none\" data-border-style=\"solid\" data-border-color=\"\" data-bg-cover=\"\" data-padding-pos=\"all\" data-has-bg-color=\"false\" data-bg-color=\"\" data-bg-opacity=\"1\" data-hover-bg=\"\" data-hover-bg-opacity=\"1\" data-animation=\"\" data-delay=\"0\">\n<div>\n<div>\n<div>\n<div>\n<div>\n<div>\n<p style=\"text-align: center;\">\n<p style=\"text-align: center;\">Neumarkt 11<\/p>\n<p style=\"text-align: center;\">09350 Lichtenstein\/Sa.<\/p>\n<p style=\"text-align: center;\">Germany<\/p>\n<p style=\"text-align: center;\">Phone +49 (0) 372 04 \/ 68 80<\/p>\n<p style=\"text-align: center;\"><strong><span style=\"color: #008080;\"><a href=\"mailto:contact@helmnot.com\" target=\"_blank\" rel=\"noopener\" style=\"color: #008080;\">contact@\u00adhelmnot.com<\/a><\/span><\/strong><\/p>\n<p style=\"text-align: center;\"><strong style=\"color: #008080; font-size: 20px;\"><a href=\"https:\/\/www.helmnot.com\" target=\"_blank\" rel=\"noopener\" style=\"color: #008080;\">www.helmnot.com<\/a><\/strong><\/p>\n<\/div>\n<\/div>\n<\/div>\n<\/div>\n<\/div>\n<\/div>\n<\/div>\n<p>[\/et_pb_text][\/et_pb_column][et_pb_column type=&#8220;1_2&#8243; _builder_version=&#8220;4.14.3&#8243; _module_preset=&#8220;default&#8220; global_colors_info=&#8220;{}&#8220;][et_pb_text _builder_version=&#8220;4.14.3&#8243; _module_preset=&#8220;bedb7560-7075-49e3-be58-d11e0548ffd7&#8243; text_font_size=&#8220;20px&#8220; header_font_size=&#8220;38px&#8220; header_2_font_size=&#8220;30px&#8220; background_color=&#8220;#ffffff&#8220; width=&#8220;95%&#8220; custom_margin=&#8220;0px|0px|0px|0px|false|false&#8220; custom_margin_tablet=&#8220;20px|0px|0px|0px|false|false&#8220; custom_margin_phone=&#8220;|||0px|false|false&#8220; custom_margin_last_edited=&#8220;on|phone&#8220; custom_padding=&#8220;65px|0px|65px|0px|true|true&#8220; custom_padding_tablet=&#8220;65px|0px|65px|0px|true|true&#8220; custom_padding_phone=&#8220;100px|0px|100px|0px|true|true&#8220; custom_padding_last_edited=&#8220;on|phone&#8220; animation_style=&#8220;fold&#8220; text_font_size_tablet=&#8220;20px&#8220; text_font_size_phone=&#8220;4vw&#8220; text_font_size_last_edited=&#8220;on|phone&#8220; global_colors_info=&#8220;{%22gcid-b7503365-465d-4da3-bcb8-77fad5d3de9f%22:%91%22header_text_color%22,%22header_text_color%22,%22header_text_color%22%93}&#8220;]<\/p>\n<p style=\"text-align: center;\">Projekt\u00adorganisation<\/p>\n<p>&nbsp;<\/p>\n<h2 style=\"text-align: center;\">Wunderr\u00e4ume GmbH<\/h2>\n<div data-t-w-inherits=\"default\" data-border-radius=\"none\" data-shadow=\"none\" data-border-animation=\"\" data-border-animation-delay=\"\" data-border-width=\"none\" data-border-style=\"solid\" data-border-color=\"\" data-bg-cover=\"\" data-padding-pos=\"all\" data-has-bg-color=\"false\" data-bg-color=\"\" data-bg-opacity=\"1\" data-hover-bg=\"\" data-hover-bg-opacity=\"1\" data-animation=\"\" data-delay=\"0\">\n<div>\n<div>\n<div>\n<div>\n<div>\n<div>\n<p style=\"text-align: center;\">\n<p style=\"text-align: center;\">Neumarkt 11<\/p>\n<p style=\"text-align: center;\">09350 Lichtenstein\/Sa.<\/p>\n<p style=\"text-align: center;\">Germany<br \/><span class=\"Apple-tab-span\"><\/span><\/p>\n<p style=\"text-align: center;\">Phone +49 (0) 372 04 \/ 94 19 14<\/p>\n<p style=\"text-align: center;\"><span style=\"font-size: large;\"><strong><span style=\"color: #008080;\"><a href=\"mailto:info@wunderraeume.de\" target=\"_blank\" rel=\"noopener\" style=\"color: #008080;\">info@\u00adwunderraeume.de<\/a><\/span><\/strong><\/span><\/p>\n<p style=\"text-align: center;\"><strong><span style=\"color: #008080;\"><a href=\"https:\/\/www.wunderraeume.de\" target=\"_blank\" rel=\"noopener\" style=\"color: #008080;\">www.wunderr\u00e4ume.de<\/a><\/span><\/strong><span style=\"color: #008080;\"><strong><a href=\"https:\/\/www.helmnot.com\" target=\"_blank\" rel=\"noopener\" style=\"color: #008080;\"><\/a><\/strong><\/span><\/p>\n<\/div>\n<\/div>\n<\/div>\n<\/div>\n<\/div>\n<\/div>\n<\/div>\n<p>[\/et_pb_text][\/et_pb_column][\/et_pb_row][\/et_pb_section]<\/p>\n","protected":false},"excerpt":{"rendered":"<p>Sie haben Fragen oder W\u00fcnsche? Sie interessieren sich f\u00fcr das Kunstprojekt? Kontaktieren Sie uns per Mail oder rufen Sie uns. Wir freuen uns, von Ihnen zu h\u00f6ren.<\/p>\n","protected":false},"author":2,"featured_media":6716,"parent":0,"menu_order":0,"comment_status":"closed","ping_status":"closed","template":"","meta":{"_et_pb_use_builder":"on","_et_pb_old_content":"","_et_gb_content_width":"","footnotes":""},"class_list":["post-1683","page","type-page","status-publish","has-post-thumbnail","hentry"],"yoast_head":"<!-- This site is optimized with the Yoast SEO plugin v21.7 - https:\/\/yoast.com\/wordpress\/plugins\/seo\/ -->\n<title>Kontakt - Funkelfenster<\/title>\n<meta name=\"description\" content=\"Sie haben Fragen oder W\u00fcnsche? Sie interessieren sich f\u00fcr das Kunstprojekt? Kontaktieren Sie uns per Mail oder rufen Sie uns. Wir freuen uns, von Ihnen zu h\u00f6ren.\" \/>\n<meta name=\"robots\" content=\"index, follow, max-snippet:-1, max-image-preview:large, max-video-preview:-1\" \/>\n<link rel=\"canonical\" href=\"https:\/\/funkel-fenster.de\/?page_id=1683\" \/>\n<meta property=\"og:locale\" content=\"de_DE\" \/>\n<meta property=\"og:type\" content=\"article\" \/>\n<meta property=\"og:title\" content=\"Kontakt - Funkelfenster\" \/>\n<meta property=\"og:description\" content=\"Sie haben Fragen oder W\u00fcnsche? Sie interessieren sich f\u00fcr das Kunstprojekt? Kontaktieren Sie uns per Mail oder rufen Sie uns. Wir freuen uns, von Ihnen zu h\u00f6ren.\" \/>\n<meta property=\"og:url\" content=\"https:\/\/funkel-fenster.de\/?page_id=1683\" \/>\n<meta property=\"og:site_name\" content=\"Funkelfenster\" \/>\n<meta property=\"article:publisher\" content=\"https:\/\/www.facebook.com\/profile.php?id=100066744889178&amp;locale=de_DE\" \/>\n<meta property=\"article:modified_time\" content=\"2024-12-10T14:32:00+00:00\" \/>\n<meta property=\"og:image\" content=\"https:\/\/funkel-fenster.de\/wp-content\/uploads\/2024\/12\/Funkel-Fenster_Gestiefelter-Kater02_Dessau-Rosslau_1200x800.jpg\" \/>\n\t<meta property=\"og:image:width\" content=\"1200\" \/>\n\t<meta property=\"og:image:height\" content=\"800\" \/>\n\t<meta property=\"og:image:type\" content=\"image\/jpeg\" \/>\n<meta name=\"twitter:card\" content=\"summary_large_image\" \/>\n<meta name=\"twitter:label1\" content=\"Gesch\u00e4tzte Lesezeit\" \/>\n\t<meta name=\"twitter:data1\" content=\"1\u00a0Minute\" \/>\n<script type=\"application\/ld+json\" class=\"yoast-schema-graph\">{\"@context\":\"https:\/\/schema.org\",\"@graph\":[{\"@type\":\"WebPage\",\"@id\":\"https:\/\/funkel-fenster.de\/?page_id=1683\",\"url\":\"https:\/\/funkel-fenster.de\/?page_id=1683\",\"name\":\"Kontakt - Funkelfenster\",\"isPartOf\":{\"@id\":\"https:\/\/funkel-fenster.de\/#website\"},\"datePublished\":\"2021-11-27T17:03:24+00:00\",\"dateModified\":\"2024-12-10T14:32:00+00:00\",\"description\":\"Sie haben Fragen oder W\u00fcnsche? Sie interessieren sich f\u00fcr das Kunstprojekt? Kontaktieren Sie uns per Mail oder rufen Sie uns. Wir freuen uns, von Ihnen zu h\u00f6ren.\",\"breadcrumb\":{\"@id\":\"https:\/\/funkel-fenster.de\/?page_id=1683#breadcrumb\"},\"inLanguage\":\"de\",\"potentialAction\":[{\"@type\":\"ReadAction\",\"target\":[\"https:\/\/funkel-fenster.de\/?page_id=1683\"]}]},{\"@type\":\"BreadcrumbList\",\"@id\":\"https:\/\/funkel-fenster.de\/?page_id=1683#breadcrumb\",\"itemListElement\":[{\"@type\":\"ListItem\",\"position\":1,\"name\":\"Startseite\",\"item\":\"https:\/\/funkel-fenster.de\/\"},{\"@type\":\"ListItem\",\"position\":2,\"name\":\"Kontakt\"}]},{\"@type\":\"WebSite\",\"@id\":\"https:\/\/funkel-fenster.de\/#website\",\"url\":\"https:\/\/funkel-fenster.de\/\",\"name\":\"Funkelfenster\",\"description\":\"Erfolgreiche Innenstadt-Belebung durch Kunst im \u00f6ffentlichen Raum.\",\"publisher\":{\"@id\":\"https:\/\/funkel-fenster.de\/#organization\"},\"potentialAction\":[{\"@type\":\"SearchAction\",\"target\":{\"@type\":\"EntryPoint\",\"urlTemplate\":\"https:\/\/funkel-fenster.de\/?s={search_term_string}\"},\"query-input\":\"required name=search_term_string\"}],\"inLanguage\":\"de\"},{\"@type\":\"Organization\",\"@id\":\"https:\/\/funkel-fenster.de\/#organization\",\"name\":\"Funkelfenster\",\"alternateName\":\"Funkel-Fenster\",\"url\":\"https:\/\/funkel-fenster.de\/\",\"logo\":{\"@type\":\"ImageObject\",\"inLanguage\":\"de\",\"@id\":\"https:\/\/funkel-fenster.de\/#\/schema\/logo\/image\/\",\"url\":\"https:\/\/i0.wp.com\/funkel-fenster.de\/wp-content\/uploads\/2022\/01\/Funkel-Fenster-xLeBk.png?fit=1061%2C266&ssl=1\",\"contentUrl\":\"https:\/\/i0.wp.com\/funkel-fenster.de\/wp-content\/uploads\/2022\/01\/Funkel-Fenster-xLeBk.png?fit=1061%2C266&ssl=1\",\"width\":1061,\"height\":266,\"caption\":\"Funkelfenster\"},\"image\":{\"@id\":\"https:\/\/funkel-fenster.de\/#\/schema\/logo\/image\/\"},\"sameAs\":[\"https:\/\/www.facebook.com\/profile.php?id=100066744889178&locale=de_DE\",\"https:\/\/www.instagram.com\/funkelfenster\/\",\"https:\/\/www.youtube.com\/user\/1000Funkel\"]}]}<\/script>\n<!-- \/ Yoast SEO plugin. -->","yoast_head_json":{"title":"Kontakt - Funkelfenster","description":"Sie haben Fragen oder W\u00fcnsche? Sie interessieren sich f\u00fcr das Kunstprojekt? Kontaktieren Sie uns per Mail oder rufen Sie uns. Wir freuen uns, von Ihnen zu h\u00f6ren.","robots":{"index":"index","follow":"follow","max-snippet":"max-snippet:-1","max-image-preview":"max-image-preview:large","max-video-preview":"max-video-preview:-1"},"canonical":"https:\/\/funkel-fenster.de\/?page_id=1683","og_locale":"de_DE","og_type":"article","og_title":"Kontakt - Funkelfenster","og_description":"Sie haben Fragen oder W\u00fcnsche? Sie interessieren sich f\u00fcr das Kunstprojekt? Kontaktieren Sie uns per Mail oder rufen Sie uns. Wir freuen uns, von Ihnen zu h\u00f6ren.","og_url":"https:\/\/funkel-fenster.de\/?page_id=1683","og_site_name":"Funkelfenster","article_publisher":"https:\/\/www.facebook.com\/profile.php?id=100066744889178&locale=de_DE","article_modified_time":"2024-12-10T14:32:00+00:00","og_image":[{"width":1200,"height":800,"url":"https:\/\/funkel-fenster.de\/wp-content\/uploads\/2024\/12\/Funkel-Fenster_Gestiefelter-Kater02_Dessau-Rosslau_1200x800.jpg","type":"image\/jpeg"}],"twitter_card":"summary_large_image","twitter_misc":{"Gesch\u00e4tzte Lesezeit":"1\u00a0Minute"},"schema":{"@context":"https:\/\/schema.org","@graph":[{"@type":"WebPage","@id":"https:\/\/funkel-fenster.de\/?page_id=1683","url":"https:\/\/funkel-fenster.de\/?page_id=1683","name":"Kontakt - Funkelfenster","isPartOf":{"@id":"https:\/\/funkel-fenster.de\/#website"},"datePublished":"2021-11-27T17:03:24+00:00","dateModified":"2024-12-10T14:32:00+00:00","description":"Sie haben Fragen oder W\u00fcnsche? Sie interessieren sich f\u00fcr das Kunstprojekt? Kontaktieren Sie uns per Mail oder rufen Sie uns. Wir freuen uns, von Ihnen zu h\u00f6ren.","breadcrumb":{"@id":"https:\/\/funkel-fenster.de\/?page_id=1683#breadcrumb"},"inLanguage":"de","potentialAction":[{"@type":"ReadAction","target":["https:\/\/funkel-fenster.de\/?page_id=1683"]}]},{"@type":"BreadcrumbList","@id":"https:\/\/funkel-fenster.de\/?page_id=1683#breadcrumb","itemListElement":[{"@type":"ListItem","position":1,"name":"Startseite","item":"https:\/\/funkel-fenster.de\/"},{"@type":"ListItem","position":2,"name":"Kontakt"}]},{"@type":"WebSite","@id":"https:\/\/funkel-fenster.de\/#website","url":"https:\/\/funkel-fenster.de\/","name":"Funkelfenster","description":"Erfolgreiche Innenstadt-Belebung durch Kunst im \u00f6ffentlichen Raum.","publisher":{"@id":"https:\/\/funkel-fenster.de\/#organization"},"potentialAction":[{"@type":"SearchAction","target":{"@type":"EntryPoint","urlTemplate":"https:\/\/funkel-fenster.de\/?s={search_term_string}"},"query-input":"required name=search_term_string"}],"inLanguage":"de"},{"@type":"Organization","@id":"https:\/\/funkel-fenster.de\/#organization","name":"Funkelfenster","alternateName":"Funkel-Fenster","url":"https:\/\/funkel-fenster.de\/","logo":{"@type":"ImageObject","inLanguage":"de","@id":"https:\/\/funkel-fenster.de\/#\/schema\/logo\/image\/","url":"https:\/\/i0.wp.com\/funkel-fenster.de\/wp-content\/uploads\/2022\/01\/Funkel-Fenster-xLeBk.png?fit=1061%2C266&ssl=1","contentUrl":"https:\/\/i0.wp.com\/funkel-fenster.de\/wp-content\/uploads\/2022\/01\/Funkel-Fenster-xLeBk.png?fit=1061%2C266&ssl=1","width":1061,"height":266,"caption":"Funkelfenster"},"image":{"@id":"https:\/\/funkel-fenster.de\/#\/schema\/logo\/image\/"},"sameAs":["https:\/\/www.facebook.com\/profile.php?id=100066744889178&locale=de_DE","https:\/\/www.instagram.com\/funkelfenster\/","https:\/\/www.youtube.com\/user\/1000Funkel"]}]}},"jetpack_sharing_enabled":true,"_links":{"self":[{"href":"https:\/\/funkel-fenster.de\/index.php?rest_route=\/wp\/v2\/pages\/1683","targetHints":{"allow":["GET"]}}],"collection":[{"href":"https:\/\/funkel-fenster.de\/index.php?rest_route=\/wp\/v2\/pages"}],"about":[{"href":"https:\/\/funkel-fenster.de\/index.php?rest_route=\/wp\/v2\/types\/page"}],"author":[{"embeddable":true,"href":"https:\/\/funkel-fenster.de\/index.php?rest_route=\/wp\/v2\/users\/2"}],"replies":[{"embeddable":true,"href":"https:\/\/funkel-fenster.de\/index.php?rest_route=%2Fwp%2Fv2%2Fcomments&post=1683"}],"version-history":[{"count":41,"href":"https:\/\/funkel-fenster.de\/index.php?rest_route=\/wp\/v2\/pages\/1683\/revisions"}],"predecessor-version":[{"id":6870,"href":"https:\/\/funkel-fenster.de\/index.php?rest_route=\/wp\/v2\/pages\/1683\/revisions\/6870"}],"wp:featuredmedia":[{"embeddable":true,"href":"https:\/\/funkel-fenster.de\/index.php?rest_route=\/wp\/v2\/media\/6716"}],"wp:attachment":[{"href":"https:\/\/funkel-fenster.de\/index.php?rest_route=%2Fwp%2Fv2%2Fmedia&parent=1683"}],"curies":[{"name":"wp","href":"https:\/\/api.w.org\/{rel}","templated":true}]}}