{"id":995,"date":"2021-11-20T16:45:37","date_gmt":"2021-11-20T16:45:37","guid":{"rendered":"https:\/\/alpha.funkel-fenster.de\/?page_id=995"},"modified":"2023-11-23T21:53:43","modified_gmt":"2023-11-23T21:53:43","slug":"glauchau_funkelfenster_stadtplan","status":"publish","type":"page","link":"https:\/\/funkel-fenster.de\/?page_id=995","title":{"rendered":"Glauchau_Funkelfenster_Stadtplan"},"content":{"rendered":"<p>[et_pb_section fb_built=&#8220;1&#8243; _builder_version=&#8220;4.14.3&#8243; _module_preset=&#8220;default&#8220; background_color=&#8220;#0B3B49&#8243; custom_margin=&#8220;0px||0px||true|false&#8220; custom_padding=&#8220;0px||2px||false|false&#8220; border_width_top=&#8220;2px&#8220; border_color_top=&#8220;#8AA79F&#8220; saved_tabs=&#8220;all&#8220; global_colors_info=&#8220;{}&#8220;][et_pb_row use_custom_gutter=&#8220;on&#8220; gutter_width=&#8220;1&#8243; _builder_version=&#8220;4.14.3&#8243; _module_preset=&#8220;default&#8220; background_color=&#8220;#0B3B49&#8243; width=&#8220;95%&#8220; max_width=&#8220;1500px&#8220; custom_margin=&#8220;0px||0px||false|false&#8220; custom_padding=&#8220;0px||0px||false|false&#8220; sticky_position=&#8220;top&#8220; global_colors_info=&#8220;{}&#8220;][et_pb_column type=&#8220;4_4&#8243; _builder_version=&#8220;4.14.3&#8243; _module_preset=&#8220;default&#8220; background_enable_color=&#8220;off&#8220; positioning=&#8220;none&#8220; z_index=&#8220;1&#8243; sticky_position=&#8220;top&#8220; sticky_limit_bottom=&#8220;section&#8220; motion_trigger_start=&#8220;top&#8220; global_colors_info=&#8220;{}&#8220;][et_pb_menu menu_id=&#8220;20&#8243; menu_style=&#8220;centered&#8220; active_link_color=&#8220;#8AA79F&#8220; _builder_version=&#8220;4.14.3&#8243; _module_preset=&#8220;default&#8220; menu_font=&#8220;Barlow Condensed|300||on|||||&#8220; menu_text_color=&#8220;gcid-e76bb572-0038-4d0c-be63-d31e9192b8dd&#8220; menu_font_size=&#8220;19px&#8220; background_color=&#8220;#0B3B49&#8243; position_origin_f=&#8220;bottom_center&#8220; vertical_offset=&#8220;9px&#8220; z_index=&#8220;10000&#8243; width=&#8220;100%&#8220; animation_style=&#8220;fade&#8220; animation_direction=&#8220;right&#8220; animation_duration=&#8220;3000ms&#8220; sticky_position=&#8220;top&#8220; hover_enabled=&#8220;0&#8243; border_width_top=&#8220;3px&#8220; border_color_top=&#8220;#8AA79F&#8220; global_colors_info=&#8220;{%22gcid-e76bb572-0038-4d0c-be63-d31e9192b8dd%22:%91%22menu_text_color%22%93}&#8220; custom_padding=&#8220;5px|20px|5px|20px|true|true&#8220; sticky_enabled=&#8220;0&#8243;][\/et_pb_menu][\/et_pb_column][\/et_pb_row][\/et_pb_section][et_pb_section fb_built=&#8220;1&#8243; _builder_version=&#8220;4.14.3&#8243; _module_preset=&#8220;default&#8220; z_index=&#8220;-500&#8243; custom_margin=&#8220;0px||0px|0px|false|false&#8220; custom_padding=&#8220;|0px|0px|0px|false|false&#8220; global_colors_info=&#8220;{}&#8220;][et_pb_row _builder_version=&#8220;4.14.3&#8243; _module_preset=&#8220;default&#8220; width=&#8220;95%&#8220; max_width=&#8220;1500px&#8220; custom_margin=&#8220;0px||0px||false|false&#8220; custom_padding=&#8220;0px||0px||false|false&#8220; global_colors_info=&#8220;{}&#8220;][et_pb_column type=&#8220;4_4&#8243; _builder_version=&#8220;4.13.0&#8243; _module_preset=&#8220;default&#8220; global_colors_info=&#8220;{}&#8220;][et_pb_text admin_label=&#8220;Text Unsere L\u00f6sung&#8220; _builder_version=&#8220;4.14.3&#8243; _module_preset=&#8220;5343aab5-0546-4286-bb2b-b4a45cb6ed95&#8243; width=&#8220;95%&#8220; custom_margin=&#8220;0px||0px||false|false&#8220; motion_trigger_start=&#8220;top&#8220; header_font_size_phone=&#8220;66px&#8220; global_colors_info=&#8220;{}&#8220;]<\/p>\n<h1>Funkel&shy;plan<\/h1>\n<h1>Glauchau<\/h1>\n<p>&nbsp;[\/et_pb_text][\/et_pb_column][\/et_pb_row][\/et_pb_section][et_pb_section fb_built=&#8220;1&#8243; _builder_version=&#8220;4.14.3&#8243; _module_preset=&#8220;default&#8220; z_index=&#8220;-500&#8243; custom_margin=&#8220;0px|0px|0px|0px|false|false&#8220; custom_padding=&#8220;0px|0px|0px|0px|false|false&#8220; global_colors_info=&#8220;{}&#8220;][et_pb_row _builder_version=&#8220;4.14.3&#8243; _module_preset=&#8220;default&#8220; width=&#8220;95%&#8220; max_width=&#8220;1500px&#8220; custom_margin=&#8220;0px||0px||false|false&#8220; custom_padding=&#8220;0px||0px||false|false&#8220; global_colors_info=&#8220;{}&#8220;][et_pb_column type=&#8220;4_4&#8243; _builder_version=&#8220;4.14.3&#8243; _module_preset=&#8220;default&#8220; global_colors_info=&#8220;{}&#8220;][et_pb_text _builder_version=&#8220;4.14.3&#8243; _module_preset=&#8220;2cc2126a-6780-48ba-9983-56f34f635a84&#8243; custom_margin=&#8220;0px||0px||true|false&#8220; global_colors_info=&#8220;{%22gcid-b7503365-465d-4da3-bcb8-77fad5d3de9f%22:%91%22header_text_color%22,%22background_color%22%93}&#8220;]<\/p>\n<p class=\"vc_custom_heading vc_custom_1617144045716\" style=\"text-align: center;\">Standorte<\/p>\n<p>[\/et_pb_text][\/et_pb_column][\/et_pb_row][et_pb_row column_structure=&#8220;1_2,1_2&#8243; use_custom_gutter=&#8220;on&#8220; gutter_width=&#8220;1&#8243; _builder_version=&#8220;4.14.3&#8243; _module_preset=&#8220;default&#8220; width=&#8220;95%&#8220; max_width=&#8220;1500px&#8220; custom_margin=&#8220;0px||0px||false|false&#8220; custom_padding=&#8220;0px||0px||false|false&#8220; global_colors_info=&#8220;{}&#8220;][et_pb_column type=&#8220;1_2&#8243; _builder_version=&#8220;4.14.3&#8243; _module_preset=&#8220;default&#8220; global_colors_info=&#8220;{}&#8220;][et_pb_image src=&#8220;https:\/\/funkel-fenster.de\/wp-content\/uploads\/2022\/01\/Stadtplan06-GC_Uebersicht_Auszug-scaled.jpg&#8220; alt=&#8220;Stadtplan Glauchau Funkelfenster 2021&#8243; title_text=&#8220;Stadtplan06-GC_\u00dcbersicht_Auszug&#8220; align=&#8220;center&#8220; _builder_version=&#8220;4.14.3&#8243; _module_preset=&#8220;default&#8220; global_colors_info=&#8220;{}&#8220;][\/et_pb_image][\/et_pb_column][et_pb_column type=&#8220;1_2&#8243; _builder_version=&#8220;4.14.3&#8243; _module_preset=&#8220;default&#8220; global_colors_info=&#8220;{}&#8220;][et_pb_text _builder_version=&#8220;4.14.3&#8243; _module_preset=&#8220;bedb7560-7075-49e3-be58-d11e0548ffd7&#8243; text_font_size=&#8220;21px&#8220; custom_margin=&#8220;0px||||false|false&#8220; custom_margin_tablet=&#8220;0px||||false|false&#8220; custom_margin_phone=&#8220;|-52px||-52px|false|true&#8220; custom_margin_last_edited=&#8220;on|phone&#8220; custom_padding=&#8220;0px|0px|0px|0px|false|false&#8220; text_font_size_tablet=&#8220;21px&#8220; text_font_size_phone=&#8220;18px&#8220; text_font_size_last_edited=&#8220;on|phone&#8220; locked=&#8220;off&#8220; global_colors_info=&#8220;{}&#8220;]<\/p>\n<div class=\"\" data-block=\"true\" data-editor=\"4ovgd\" data-offset-key=\"bjvs0-0-0\">\n<table style=\"height: 336px; border-style: hidden;\">\n<tbody>\n<tr style=\"height: 24px;\">\n<td style=\"height: 24px; width: 36px;\">1)<\/td>\n<td style=\"height: 24px; width: 170px;\">P. Geipel-Str. 1<\/td>\n<\/tr>\n<tr style=\"height: 24px;\">\n<td style=\"height: 24px; width: 36px;\">2)<\/td>\n<td style=\"height: 24px; width: 170px;\">Dr.-D\u00f6rffel-Sr. 1<\/td>\n<\/tr>\n<tr style=\"height: 24px;\">\n<td style=\"height: 24px; width: 36px;\">3)<\/td>\n<td style=\"height: 24px; width: 170px;\">Markt 10<\/td>\n<\/tr>\n<tr style=\"height: 24px;\">\n<td style=\"height: 24px; width: 36px;\">4)<\/td>\n<td style=\"height: 24px; width: 170px;\">Br\u00fcderstr. 1<\/td>\n<\/tr>\n<tr style=\"height: 24px;\">\n<td style=\"height: 24px; width: 36px;\">5)<\/td>\n<td style=\"height: 24px; width: 170px;\">Markt 19<\/td>\n<\/tr>\n<tr style=\"height: 24px;\">\n<td style=\"height: 24px; width: 36px;\">6)<\/td>\n<td style=\"height: 24px; width: 170px;\">Br\u00fcderstr. 23<\/td>\n<\/tr>\n<tr style=\"height: 24px;\">\n<td style=\"height: 24px; width: 36px;\">7)<\/td>\n<td style=\"height: 24px; width: 170px;\">Leipziger Str. 88<\/td>\n<\/tr>\n<tr style=\"height: 24px;\">\n<td style=\"height: 24px; width: 36px;\">8)<\/td>\n<td style=\"height: 24px; width: 170px;\">Leipziger Str. 6<\/td>\n<\/tr>\n<tr style=\"height: 24px;\">\n<td style=\"height: 24px; width: 36px;\">9)<\/td>\n<td style=\"height: 24px; width: 170px;\">Leipiger Str. 16<\/td>\n<\/tr>\n<tr style=\"height: 24px;\">\n<td style=\"height: 24px; width: 36px;\">10)<\/td>\n<td style=\"height: 24px; width: 170px;\">Leipziger Str. 17<\/td>\n<\/tr>\n<tr style=\"height: 24px;\">\n<td style=\"height: 24px; width: 36px;\">11)<\/td>\n<td style=\"height: 24px; width: 170px;\">Leipziger Str. 72<\/td>\n<\/tr>\n<tr style=\"height: 24px;\">\n<td style=\"height: 24px; width: 36px;\">12)<\/td>\n<td style=\"height: 24px; width: 170px;\">Leipziger Str. 31<\/td>\n<\/tr>\n<tr style=\"height: 24px;\">\n<td style=\"height: 24px; width: 36px;\">13)<\/td>\n<td style=\"height: 24px; width: 170px;\">O.-Schimmel-Str. 15<\/td>\n<\/tr>\n<tr style=\"height: 24px;\">\n<td style=\"height: 24px; width: 36px;\">14)<\/td>\n<td style=\"height: 24px; width: 170px;\">O.-Schimmel-Str. 19<\/td>\n<\/tr>\n<\/tbody>\n<\/table>\n<\/div>\n<p>[\/et_pb_text][\/et_pb_column][\/et_pb_row][\/et_pb_section]<\/p>\n","protected":false},"excerpt":{"rendered":"<p>Funkel&shy;plan Glauchau &nbsp;Standorte 1) P. Geipel-Str. 1 2) Dr.-D\u00f6rffel-Sr. 1 3) Markt 10 4) Br\u00fcderstr. 1 5) Markt 19 6) Br\u00fcderstr. 23 7) Leipziger Str. 88 8) Leipziger Str. 6 9) Leipiger Str. 16 10) Leipziger Str. 17 11) Leipziger Str. 72 12) Leipziger Str. 31 13) O.-Schimmel-Str. 15 14) O.-Schimmel-Str. 19<\/p>\n","protected":false},"author":2,"featured_media":0,"parent":2793,"menu_order":0,"comment_status":"closed","ping_status":"closed","template":"","meta":{"_et_pb_use_builder":"on","_et_pb_old_content":"","_et_gb_content_width":"","footnotes":""},"class_list":["post-995","page","type-page","status-publish","hentry"],"yoast_head":"<!-- This site is optimized with the Yoast SEO plugin v21.7 - https:\/\/yoast.com\/wordpress\/plugins\/seo\/ -->\n<title>Glauchau_Funkelfenster_Stadtplan - Funkelfenster<\/title>\n<meta name=\"robots\" content=\"index, follow, max-snippet:-1, max-image-preview:large, max-video-preview:-1\" \/>\n<link rel=\"canonical\" href=\"https:\/\/funkel-fenster.de\/?page_id=995\" \/>\n<meta property=\"og:locale\" content=\"de_DE\" \/>\n<meta property=\"og:type\" content=\"article\" \/>\n<meta property=\"og:title\" content=\"Glauchau_Funkelfenster_Stadtplan - Funkelfenster\" \/>\n<meta property=\"og:description\" content=\"Funkel&shy;plan Glauchau &nbsp;Standorte 1) P. Geipel-Str. 1 2) Dr.-D\u00f6rffel-Sr. 1 3) Markt 10 4) Br\u00fcderstr. 1 5) Markt 19 6) Br\u00fcderstr. 23 7) Leipziger Str. 88 8) Leipziger Str. 6 9) Leipiger Str. 16 10) Leipziger Str. 17 11) Leipziger Str. 72 12) Leipziger Str. 31 13) O.-Schimmel-Str. 15 14) O.-Schimmel-Str. 19\" \/>\n<meta property=\"og:url\" content=\"https:\/\/funkel-fenster.de\/?page_id=995\" \/>\n<meta property=\"og:site_name\" content=\"Funkelfenster\" \/>\n<meta property=\"article:publisher\" content=\"https:\/\/www.facebook.com\/profile.php?id=100066744889178&amp;locale=de_DE\" \/>\n<meta property=\"article:modified_time\" content=\"2023-11-23T21:53:43+00:00\" \/>\n<meta name=\"twitter:card\" content=\"summary_large_image\" \/>\n<meta name=\"twitter:label1\" content=\"Gesch\u00e4tzte Lesezeit\" \/>\n\t<meta name=\"twitter:data1\" content=\"3\u00a0Minuten\" \/>\n<script type=\"application\/ld+json\" class=\"yoast-schema-graph\">{\"@context\":\"https:\/\/schema.org\",\"@graph\":[{\"@type\":\"WebPage\",\"@id\":\"https:\/\/funkel-fenster.de\/?page_id=995\",\"url\":\"https:\/\/funkel-fenster.de\/?page_id=995\",\"name\":\"Glauchau_Funkelfenster_Stadtplan - Funkelfenster\",\"isPartOf\":{\"@id\":\"https:\/\/funkel-fenster.de\/#website\"},\"datePublished\":\"2021-11-20T16:45:37+00:00\",\"dateModified\":\"2023-11-23T21:53:43+00:00\",\"breadcrumb\":{\"@id\":\"https:\/\/funkel-fenster.de\/?page_id=995#breadcrumb\"},\"inLanguage\":\"de\",\"potentialAction\":[{\"@type\":\"ReadAction\",\"target\":[\"https:\/\/funkel-fenster.de\/?page_id=995\"]}]},{\"@type\":\"BreadcrumbList\",\"@id\":\"https:\/\/funkel-fenster.de\/?page_id=995#breadcrumb\",\"itemListElement\":[{\"@type\":\"ListItem\",\"position\":1,\"name\":\"Startseite\",\"item\":\"https:\/\/funkel-fenster.de\/\"},{\"@type\":\"ListItem\",\"position\":2,\"name\":\"Glauchau\",\"item\":\"https:\/\/funkel-fenster.de\/?page_id=2793\"},{\"@type\":\"ListItem\",\"position\":3,\"name\":\"Glauchau_Funkelfenster_Stadtplan\"}]},{\"@type\":\"WebSite\",\"@id\":\"https:\/\/funkel-fenster.de\/#website\",\"url\":\"https:\/\/funkel-fenster.de\/\",\"name\":\"Funkelfenster\",\"description\":\"Erfolgreiche Innenstadt-Belebung durch Kunst im \u00f6ffentlichen Raum.\",\"publisher\":{\"@id\":\"https:\/\/funkel-fenster.de\/#organization\"},\"potentialAction\":[{\"@type\":\"SearchAction\",\"target\":{\"@type\":\"EntryPoint\",\"urlTemplate\":\"https:\/\/funkel-fenster.de\/?s={search_term_string}\"},\"query-input\":\"required name=search_term_string\"}],\"inLanguage\":\"de\"},{\"@type\":\"Organization\",\"@id\":\"https:\/\/funkel-fenster.de\/#organization\",\"name\":\"Funkelfenster\",\"alternateName\":\"Funkel-Fenster\",\"url\":\"https:\/\/funkel-fenster.de\/\",\"logo\":{\"@type\":\"ImageObject\",\"inLanguage\":\"de\",\"@id\":\"https:\/\/funkel-fenster.de\/#\/schema\/logo\/image\/\",\"url\":\"https:\/\/i0.wp.com\/funkel-fenster.de\/wp-content\/uploads\/2022\/01\/Funkel-Fenster-xLeBk.png?fit=1061%2C266&ssl=1\",\"contentUrl\":\"https:\/\/i0.wp.com\/funkel-fenster.de\/wp-content\/uploads\/2022\/01\/Funkel-Fenster-xLeBk.png?fit=1061%2C266&ssl=1\",\"width\":1061,\"height\":266,\"caption\":\"Funkelfenster\"},\"image\":{\"@id\":\"https:\/\/funkel-fenster.de\/#\/schema\/logo\/image\/\"},\"sameAs\":[\"https:\/\/www.facebook.com\/profile.php?id=100066744889178&locale=de_DE\",\"https:\/\/www.instagram.com\/funkelfenster\/\",\"https:\/\/www.youtube.com\/user\/1000Funkel\"]}]}<\/script>\n<!-- \/ Yoast SEO plugin. -->","yoast_head_json":{"title":"Glauchau_Funkelfenster_Stadtplan - Funkelfenster","robots":{"index":"index","follow":"follow","max-snippet":"max-snippet:-1","max-image-preview":"max-image-preview:large","max-video-preview":"max-video-preview:-1"},"canonical":"https:\/\/funkel-fenster.de\/?page_id=995","og_locale":"de_DE","og_type":"article","og_title":"Glauchau_Funkelfenster_Stadtplan - Funkelfenster","og_description":"Funkel&shy;plan Glauchau &nbsp;Standorte 1) P. Geipel-Str. 1 2) Dr.-D\u00f6rffel-Sr. 1 3) Markt 10 4) Br\u00fcderstr. 1 5) Markt 19 6) Br\u00fcderstr. 23 7) Leipziger Str. 88 8) Leipziger Str. 6 9) Leipiger Str. 16 10) Leipziger Str. 17 11) Leipziger Str. 72 12) Leipziger Str. 31 13) O.-Schimmel-Str. 15 14) O.-Schimmel-Str. 19","og_url":"https:\/\/funkel-fenster.de\/?page_id=995","og_site_name":"Funkelfenster","article_publisher":"https:\/\/www.facebook.com\/profile.php?id=100066744889178&locale=de_DE","article_modified_time":"2023-11-23T21:53:43+00:00","twitter_card":"summary_large_image","twitter_misc":{"Gesch\u00e4tzte Lesezeit":"3\u00a0Minuten"},"schema":{"@context":"https:\/\/schema.org","@graph":[{"@type":"WebPage","@id":"https:\/\/funkel-fenster.de\/?page_id=995","url":"https:\/\/funkel-fenster.de\/?page_id=995","name":"Glauchau_Funkelfenster_Stadtplan - Funkelfenster","isPartOf":{"@id":"https:\/\/funkel-fenster.de\/#website"},"datePublished":"2021-11-20T16:45:37+00:00","dateModified":"2023-11-23T21:53:43+00:00","breadcrumb":{"@id":"https:\/\/funkel-fenster.de\/?page_id=995#breadcrumb"},"inLanguage":"de","potentialAction":[{"@type":"ReadAction","target":["https:\/\/funkel-fenster.de\/?page_id=995"]}]},{"@type":"BreadcrumbList","@id":"https:\/\/funkel-fenster.de\/?page_id=995#breadcrumb","itemListElement":[{"@type":"ListItem","position":1,"name":"Startseite","item":"https:\/\/funkel-fenster.de\/"},{"@type":"ListItem","position":2,"name":"Glauchau","item":"https:\/\/funkel-fenster.de\/?page_id=2793"},{"@type":"ListItem","position":3,"name":"Glauchau_Funkelfenster_Stadtplan"}]},{"@type":"WebSite","@id":"https:\/\/funkel-fenster.de\/#website","url":"https:\/\/funkel-fenster.de\/","name":"Funkelfenster","description":"Erfolgreiche Innenstadt-Belebung durch Kunst im \u00f6ffentlichen Raum.","publisher":{"@id":"https:\/\/funkel-fenster.de\/#organization"},"potentialAction":[{"@type":"SearchAction","target":{"@type":"EntryPoint","urlTemplate":"https:\/\/funkel-fenster.de\/?s={search_term_string}"},"query-input":"required name=search_term_string"}],"inLanguage":"de"},{"@type":"Organization","@id":"https:\/\/funkel-fenster.de\/#organization","name":"Funkelfenster","alternateName":"Funkel-Fenster","url":"https:\/\/funkel-fenster.de\/","logo":{"@type":"ImageObject","inLanguage":"de","@id":"https:\/\/funkel-fenster.de\/#\/schema\/logo\/image\/","url":"https:\/\/i0.wp.com\/funkel-fenster.de\/wp-content\/uploads\/2022\/01\/Funkel-Fenster-xLeBk.png?fit=1061%2C266&ssl=1","contentUrl":"https:\/\/i0.wp.com\/funkel-fenster.de\/wp-content\/uploads\/2022\/01\/Funkel-Fenster-xLeBk.png?fit=1061%2C266&ssl=1","width":1061,"height":266,"caption":"Funkelfenster"},"image":{"@id":"https:\/\/funkel-fenster.de\/#\/schema\/logo\/image\/"},"sameAs":["https:\/\/www.facebook.com\/profile.php?id=100066744889178&locale=de_DE","https:\/\/www.instagram.com\/funkelfenster\/","https:\/\/www.youtube.com\/user\/1000Funkel"]}]}},"jetpack_sharing_enabled":true,"_links":{"self":[{"href":"https:\/\/funkel-fenster.de\/index.php?rest_route=\/wp\/v2\/pages\/995","targetHints":{"allow":["GET"]}}],"collection":[{"href":"https:\/\/funkel-fenster.de\/index.php?rest_route=\/wp\/v2\/pages"}],"about":[{"href":"https:\/\/funkel-fenster.de\/index.php?rest_route=\/wp\/v2\/types\/page"}],"author":[{"embeddable":true,"href":"https:\/\/funkel-fenster.de\/index.php?rest_route=\/wp\/v2\/users\/2"}],"replies":[{"embeddable":true,"href":"https:\/\/funkel-fenster.de\/index.php?rest_route=%2Fwp%2Fv2%2Fcomments&post=995"}],"version-history":[{"count":48,"href":"https:\/\/funkel-fenster.de\/index.php?rest_route=\/wp\/v2\/pages\/995\/revisions"}],"predecessor-version":[{"id":5200,"href":"https:\/\/funkel-fenster.de\/index.php?rest_route=\/wp\/v2\/pages\/995\/revisions\/5200"}],"up":[{"embeddable":true,"href":"https:\/\/funkel-fenster.de\/index.php?rest_route=\/wp\/v2\/pages\/2793"}],"wp:attachment":[{"href":"https:\/\/funkel-fenster.de\/index.php?rest_route=%2Fwp%2Fv2%2Fmedia&parent=995"}],"curies":[{"name":"wp","href":"https:\/\/api.w.org\/{rel}","templated":true}]}}